{"id":37,"date":"2016-08-18T21:02:34","date_gmt":"2016-08-18T21:02:34","guid":{"rendered":"http:\/\/2cv-r4.de\/?page_id=37"},"modified":"2021-05-03T07:36:52","modified_gmt":"2021-05-03T07:36:52","slug":"2cv-ente","status":"publish","type":"page","link":"http:\/\/2cv-r4.de\/","title":{"rendered":"2CV &#8211; Ente"},"content":{"rendered":"<p><img loading=\"lazy\" decoding=\"async\" class=\"alignnone size-medium wp-image-176\" src=\"http:\/\/2cv-r4.de\/wp-content\/uploads\/2017\/06\/IMAG1146-300x169.jpg\" alt=\"\" width=\"300\" height=\"169\" srcset=\"http:\/\/2cv-r4.de\/wp-content\/uploads\/2017\/06\/IMAG1146-300x169.jpg 300w, http:\/\/2cv-r4.de\/wp-content\/uploads\/2017\/06\/IMAG1146-768x432.jpg 768w, http:\/\/2cv-r4.de\/wp-content\/uploads\/2017\/06\/IMAG1146-1024x576.jpg 1024w, http:\/\/2cv-r4.de\/wp-content\/uploads\/2017\/06\/IMAG1146.jpg 1280w\" sizes=\"(max-width: 300px) 100vw, 300px\" \/><\/p>\n<h2><span style=\"color: #ff0000;\">Die &#8222;ENTE&#8220;<\/span><\/h2>\n<p><span style=\"color: #008000;\">Dass die \u201eENTE\u201c einmal Kultstatus haben w\u00fcrde, konnte Citro\u00ebn-Chef Pierre-Jules Boulanger 1948 nicht ahnen.<\/span><\/p>\n<p>Selbst ein franz\u00f6sischer Dichter Namens Boris Vian nannte den Wagen sp\u00e4ter eine \u201efahrbare Geistesverwirrung\u201c. Und doch wurde der Citro\u00ebn 2CV zum millionenfach verkauften Fahrzeug &#8211; und f\u00fcr Generationen zum Ausdruck eines Lebensgef\u00fchls.<\/p>\n<p><span style=\"color: #000080;\">Die Motorenentwicklung<\/span> generiert aus den anf\u00e4nglich 9PS am Ende sogar bis zu 29PS &#8211; was Geschwindigkeiten von \u00fcber 110 Stundenkilometern m\u00f6glich machte.<\/p>\n<p><span style=\"color: #0000cc;\"><span style=\"font-size: medium;\"><span style=\"color: #000080;\">Assistenzsysteme<\/span> <\/span><\/span><span style=\"color: #000000;\"><span style=\"font-size: medium;\">wie <\/span><span style=\"font-size: medium;\">Vorausschauender Notbremsassistent, Abstandsregler\/Abstandsregeltempomat, Spurwechselassistent, Spurhalteassistent&nbsp;<\/span><\/span><span style=\"color: #6666ff;\"><span style=\"font-size: medium;\"> <span style=\"color: #000080;\">und so weiter &#8211; <\/span><\/span><\/span><span style=\"color: #0000cc;\">wurden im 2CV &#8211; Ente &#8211; nicht eingebaut !!<\/span><\/p>\n\n\n<h4 class=\"wp-block-heading\">Hier ein paar Bilder unserer Fahrzeuge<\/h4>\n\n\n\n<figure class=\"wp-block-gallery columns-3 is-cropped wp-block-gallery-1 is-layout-flex wp-block-gallery-is-layout-flex\"><ul class=\"blocks-gallery-grid\"><li class=\"blocks-gallery-item\"><figure><img loading=\"lazy\" decoding=\"async\" width=\"792\" height=\"1024\" src=\"http:\/\/2cv-r4.de\/wp-content\/uploads\/2016\/08\/LOGO-1-792x1024.jpg\" alt=\"\" data-id=\"57\" data-link=\"http:\/\/2cv-r4.de\/?attachment_id=57\" class=\"wp-image-57\" srcset=\"http:\/\/2cv-r4.de\/wp-content\/uploads\/2016\/08\/LOGO-1-792x1024.jpg 792w, http:\/\/2cv-r4.de\/wp-content\/uploads\/2016\/08\/LOGO-1-232x300.jpg 232w, http:\/\/2cv-r4.de\/wp-content\/uploads\/2016\/08\/LOGO-1-768x992.jpg 768w, http:\/\/2cv-r4.de\/wp-content\/uploads\/2016\/08\/LOGO-1.jpg 835w\" sizes=\"(max-width: 792px) 100vw, 792px\" \/><\/figure><\/li><li class=\"blocks-gallery-item\"><figure><img loading=\"lazy\" decoding=\"async\" width=\"1024\" height=\"801\" src=\"http:\/\/2cv-r4.de\/wp-content\/uploads\/2016\/08\/Dreamcar-4-e1471951560390-1024x801.jpg\" alt=\"\" data-id=\"116\" data-link=\"http:\/\/2cv-r4.de\/?attachment_id=116\" class=\"wp-image-116\" srcset=\"http:\/\/2cv-r4.de\/wp-content\/uploads\/2016\/08\/Dreamcar-4-e1471951560390-1024x801.jpg 1024w, http:\/\/2cv-r4.de\/wp-content\/uploads\/2016\/08\/Dreamcar-4-e1471951560390-300x235.jpg 300w, http:\/\/2cv-r4.de\/wp-content\/uploads\/2016\/08\/Dreamcar-4-e1471951560390-768x600.jpg 768w, http:\/\/2cv-r4.de\/wp-content\/uploads\/2016\/08\/Dreamcar-4-e1471951560390.jpg 1027w\" sizes=\"(max-width: 1024px) 100vw, 1024px\" \/><\/figure><\/li><li class=\"blocks-gallery-item\"><figure><img loading=\"lazy\" decoding=\"async\" width=\"1024\" height=\"576\" src=\"http:\/\/2cv-r4.de\/wp-content\/uploads\/2016\/08\/20160821_170519-1024x576.jpg\" alt=\"\" data-id=\"111\" data-link=\"http:\/\/2cv-r4.de\/?attachment_id=111\" class=\"wp-image-111\" srcset=\"http:\/\/2cv-r4.de\/wp-content\/uploads\/2016\/08\/20160821_170519-1024x576.jpg 1024w, http:\/\/2cv-r4.de\/wp-content\/uploads\/2016\/08\/20160821_170519-300x169.jpg 300w, http:\/\/2cv-r4.de\/wp-content\/uploads\/2016\/08\/20160821_170519-768x432.jpg 768w\" sizes=\"(max-width: 1024px) 100vw, 1024px\" \/><\/figure><\/li><li class=\"blocks-gallery-item\"><figure><img loading=\"lazy\" decoding=\"async\" width=\"1024\" height=\"768\" src=\"http:\/\/2cv-r4.de\/wp-content\/uploads\/2016\/08\/P1000316-1-1024x768.jpg\" alt=\"\" data-id=\"119\" data-link=\"http:\/\/2cv-r4.de\/?attachment_id=119\" class=\"wp-image-119\" srcset=\"http:\/\/2cv-r4.de\/wp-content\/uploads\/2016\/08\/P1000316-1-1024x768.jpg 1024w, http:\/\/2cv-r4.de\/wp-content\/uploads\/2016\/08\/P1000316-1-300x225.jpg 300w, http:\/\/2cv-r4.de\/wp-content\/uploads\/2016\/08\/P1000316-1-768x576.jpg 768w\" sizes=\"(max-width: 1024px) 100vw, 1024px\" \/><\/figure><\/li><li class=\"blocks-gallery-item\"><figure><img loading=\"lazy\" decoding=\"async\" width=\"1024\" height=\"766\" src=\"http:\/\/2cv-r4.de\/wp-content\/uploads\/2016\/08\/P1010162-1024x766.jpg\" alt=\"\" data-id=\"118\" data-link=\"http:\/\/2cv-r4.de\/?attachment_id=118\" class=\"wp-image-118\"\/><figcaption class=\"blocks-gallery-item__caption\">OLYMPUS DIGITAL CAMERA<\/figcaption><\/figure><\/li><li class=\"blocks-gallery-item\"><figure><img loading=\"lazy\" decoding=\"async\" width=\"881\" height=\"1024\" src=\"http:\/\/2cv-r4.de\/wp-content\/uploads\/2016\/08\/20160821_170450-e1471951302361-881x1024.jpg\" alt=\"\" data-id=\"110\" data-link=\"http:\/\/2cv-r4.de\/?attachment_id=110\" class=\"wp-image-110\" srcset=\"http:\/\/2cv-r4.de\/wp-content\/uploads\/2016\/08\/20160821_170450-e1471951302361-881x1024.jpg 881w, http:\/\/2cv-r4.de\/wp-content\/uploads\/2016\/08\/20160821_170450-e1471951302361-258x300.jpg 258w, http:\/\/2cv-r4.de\/wp-content\/uploads\/2016\/08\/20160821_170450-e1471951302361-768x893.jpg 768w, http:\/\/2cv-r4.de\/wp-content\/uploads\/2016\/08\/20160821_170450-e1471951302361.jpg 1119w\" sizes=\"(max-width: 881px) 100vw, 881px\" \/><\/figure><\/li><li class=\"blocks-gallery-item\"><figure><img loading=\"lazy\" decoding=\"async\" width=\"1024\" height=\"683\" src=\"http:\/\/2cv-r4.de\/wp-content\/uploads\/2016\/08\/IMG_0970-1024x683.jpg\" alt=\"\" data-id=\"65\" data-link=\"http:\/\/2cv-r4.de\/?attachment_id=65\" class=\"wp-image-65\"\/><figcaption class=\"blocks-gallery-item__caption\">Troudi &#8211; Pat\u015b Reise-Ente<\/figcaption><\/figure><\/li><li class=\"blocks-gallery-item\"><figure><img loading=\"lazy\" decoding=\"async\" width=\"612\" height=\"1024\" src=\"http:\/\/2cv-r4.de\/wp-content\/uploads\/2016\/08\/IMG-20150510-WA0005-612x1024.jpg\" alt=\"IMG-20150510-WA0005\" data-id=\"49\" data-link=\"http:\/\/2cv-r4.de\/?attachment_id=49\" class=\"wp-image-49\" srcset=\"http:\/\/2cv-r4.de\/wp-content\/uploads\/2016\/08\/IMG-20150510-WA0005-612x1024.jpg 612w, http:\/\/2cv-r4.de\/wp-content\/uploads\/2016\/08\/IMG-20150510-WA0005-179x300.jpg 179w, http:\/\/2cv-r4.de\/wp-content\/uploads\/2016\/08\/IMG-20150510-WA0005.jpg 765w\" sizes=\"(max-width: 612px) 100vw, 612px\" \/><figcaption class=\"blocks-gallery-item__caption\">das ist Ente Honk, soll verkauft werden<\/figcaption><\/figure><\/li><\/ul><\/figure>\n\n\n\n<p><br><\/p>\n","protected":false},"excerpt":{"rendered":"<p>Die &#8222;ENTE&#8220; Dass die \u201eENTE\u201c einmal Kultstatus haben w\u00fcrde, konnte Citro\u00ebn-Chef Pierre-Jules Boulanger 1948 nicht ahnen. Selbst ein franz\u00f6sischer Dichter Namens Boris Vian nannte den Wagen sp\u00e4ter eine \u201efahrbare Geistesverwirrung\u201c. Und doch wurde der Citro\u00ebn 2CV zum millionenfach verkauften Fahrzeug &hellip; <a href=\"http:\/\/2cv-r4.de\/\">Weiterlesen <span class=\"meta-nav\">&rarr;<\/span><\/a><\/p>\n","protected":false},"author":1,"featured_media":0,"parent":0,"menu_order":0,"comment_status":"closed","ping_status":"closed","template":"","meta":{"footnotes":""},"class_list":["post-37","page","type-page","status-publish","hentry"],"yoast_head":"<!-- This site is optimized with the Yoast SEO plugin v23.4 - https:\/\/yoast.com\/wordpress\/plugins\/seo\/ -->\n<title>2CV - Ente - www.2CV-R4.de<\/title>\n<meta name=\"robots\" content=\"index, follow, max-snippet:-1, max-image-preview:large, max-video-preview:-1\" \/>\n<link rel=\"canonical\" href=\"http:\/\/2cv-r4.de\/\" \/>\n<meta property=\"og:locale\" content=\"de_DE\" \/>\n<meta property=\"og:type\" content=\"article\" \/>\n<meta property=\"og:title\" content=\"2CV - Ente - www.2CV-R4.de\" \/>\n<meta property=\"og:description\" content=\"Die &#8222;ENTE&#8220; Dass die \u201eENTE\u201c einmal Kultstatus haben w\u00fcrde, konnte Citro\u00ebn-Chef Pierre-Jules Boulanger 1948 nicht ahnen. Selbst ein franz\u00f6sischer Dichter Namens Boris Vian nannte den Wagen sp\u00e4ter eine \u201efahrbare Geistesverwirrung\u201c. Und doch wurde der Citro\u00ebn 2CV zum millionenfach verkauften Fahrzeug &hellip; Weiterlesen &rarr;\" \/>\n<meta property=\"og:url\" content=\"http:\/\/2cv-r4.de\/\" \/>\n<meta property=\"og:site_name\" content=\"www.2CV-R4.de\" \/>\n<meta property=\"article:modified_time\" content=\"2021-05-03T07:36:52+00:00\" \/>\n<meta property=\"og:image\" content=\"http:\/\/2cv-r4.de\/wp-content\/uploads\/2017\/06\/IMAG1146-300x169.jpg\" \/>\n<meta name=\"twitter:card\" content=\"summary_large_image\" \/>\n<meta name=\"twitter:label1\" content=\"Gesch\u00e4tzte Lesezeit\" \/>\n\t<meta name=\"twitter:data1\" content=\"3 Minuten\" \/>\n<script type=\"application\/ld+json\" class=\"yoast-schema-graph\">{\"@context\":\"https:\/\/schema.org\",\"@graph\":[{\"@type\":\"WebPage\",\"@id\":\"http:\/\/2cv-r4.de\/\",\"url\":\"http:\/\/2cv-r4.de\/\",\"name\":\"2CV - Ente - www.2CV-R4.de\",\"isPartOf\":{\"@id\":\"http:\/\/2cv-r4.de\/#website\"},\"primaryImageOfPage\":{\"@id\":\"http:\/\/2cv-r4.de\/#primaryimage\"},\"image\":{\"@id\":\"http:\/\/2cv-r4.de\/#primaryimage\"},\"thumbnailUrl\":\"http:\/\/2cv-r4.de\/wp-content\/uploads\/2017\/06\/IMAG1146-300x169.jpg\",\"datePublished\":\"2016-08-18T21:02:34+00:00\",\"dateModified\":\"2021-05-03T07:36:52+00:00\",\"breadcrumb\":{\"@id\":\"http:\/\/2cv-r4.de\/#breadcrumb\"},\"inLanguage\":\"de-DE\",\"potentialAction\":[{\"@type\":\"ReadAction\",\"target\":[\"http:\/\/2cv-r4.de\/\"]}]},{\"@type\":\"ImageObject\",\"inLanguage\":\"de-DE\",\"@id\":\"http:\/\/2cv-r4.de\/#primaryimage\",\"url\":\"http:\/\/2cv-r4.de\/wp-content\/uploads\/2017\/06\/IMAG1146.jpg\",\"contentUrl\":\"http:\/\/2cv-r4.de\/wp-content\/uploads\/2017\/06\/IMAG1146.jpg\",\"width\":1280,\"height\":720},{\"@type\":\"BreadcrumbList\",\"@id\":\"http:\/\/2cv-r4.de\/#breadcrumb\",\"itemListElement\":[{\"@type\":\"ListItem\",\"position\":1,\"name\":\"Startseite\",\"item\":\"http:\/\/2cv-r4.de\/\"},{\"@type\":\"ListItem\",\"position\":2,\"name\":\"2CV &#8211; Ente\"}]},{\"@type\":\"WebSite\",\"@id\":\"http:\/\/2cv-r4.de\/#website\",\"url\":\"http:\/\/2cv-r4.de\/\",\"name\":\"www.2CV-R4.de\",\"description\":\"2CV &amp; R4 Freunde Dithmarschen\",\"potentialAction\":[{\"@type\":\"SearchAction\",\"target\":{\"@type\":\"EntryPoint\",\"urlTemplate\":\"http:\/\/2cv-r4.de\/?s={search_term_string}\"},\"query-input\":{\"@type\":\"PropertyValueSpecification\",\"valueRequired\":true,\"valueName\":\"search_term_string\"}}],\"inLanguage\":\"de-DE\"}]}<\/script>\n<!-- \/ Yoast SEO plugin. -->","yoast_head_json":{"title":"2CV - Ente - www.2CV-R4.de","robots":{"index":"index","follow":"follow","max-snippet":"max-snippet:-1","max-image-preview":"max-image-preview:large","max-video-preview":"max-video-preview:-1"},"canonical":"http:\/\/2cv-r4.de\/","og_locale":"de_DE","og_type":"article","og_title":"2CV - Ente - www.2CV-R4.de","og_description":"Die &#8222;ENTE&#8220; Dass die \u201eENTE\u201c einmal Kultstatus haben w\u00fcrde, konnte Citro\u00ebn-Chef Pierre-Jules Boulanger 1948 nicht ahnen. Selbst ein franz\u00f6sischer Dichter Namens Boris Vian nannte den Wagen sp\u00e4ter eine \u201efahrbare Geistesverwirrung\u201c. Und doch wurde der Citro\u00ebn 2CV zum millionenfach verkauften Fahrzeug &hellip; Weiterlesen &rarr;","og_url":"http:\/\/2cv-r4.de\/","og_site_name":"www.2CV-R4.de","article_modified_time":"2021-05-03T07:36:52+00:00","og_image":[{"url":"http:\/\/2cv-r4.de\/wp-content\/uploads\/2017\/06\/IMAG1146-300x169.jpg"}],"twitter_card":"summary_large_image","twitter_misc":{"Gesch\u00e4tzte Lesezeit":"3 Minuten"},"schema":{"@context":"https:\/\/schema.org","@graph":[{"@type":"WebPage","@id":"http:\/\/2cv-r4.de\/","url":"http:\/\/2cv-r4.de\/","name":"2CV - Ente - www.2CV-R4.de","isPartOf":{"@id":"http:\/\/2cv-r4.de\/#website"},"primaryImageOfPage":{"@id":"http:\/\/2cv-r4.de\/#primaryimage"},"image":{"@id":"http:\/\/2cv-r4.de\/#primaryimage"},"thumbnailUrl":"http:\/\/2cv-r4.de\/wp-content\/uploads\/2017\/06\/IMAG1146-300x169.jpg","datePublished":"2016-08-18T21:02:34+00:00","dateModified":"2021-05-03T07:36:52+00:00","breadcrumb":{"@id":"http:\/\/2cv-r4.de\/#breadcrumb"},"inLanguage":"de-DE","potentialAction":[{"@type":"ReadAction","target":["http:\/\/2cv-r4.de\/"]}]},{"@type":"ImageObject","inLanguage":"de-DE","@id":"http:\/\/2cv-r4.de\/#primaryimage","url":"http:\/\/2cv-r4.de\/wp-content\/uploads\/2017\/06\/IMAG1146.jpg","contentUrl":"http:\/\/2cv-r4.de\/wp-content\/uploads\/2017\/06\/IMAG1146.jpg","width":1280,"height":720},{"@type":"BreadcrumbList","@id":"http:\/\/2cv-r4.de\/#breadcrumb","itemListElement":[{"@type":"ListItem","position":1,"name":"Startseite","item":"http:\/\/2cv-r4.de\/"},{"@type":"ListItem","position":2,"name":"2CV &#8211; Ente"}]},{"@type":"WebSite","@id":"http:\/\/2cv-r4.de\/#website","url":"http:\/\/2cv-r4.de\/","name":"www.2CV-R4.de","description":"2CV &amp; R4 Freunde Dithmarschen","potentialAction":[{"@type":"SearchAction","target":{"@type":"EntryPoint","urlTemplate":"http:\/\/2cv-r4.de\/?s={search_term_string}"},"query-input":{"@type":"PropertyValueSpecification","valueRequired":true,"valueName":"search_term_string"}}],"inLanguage":"de-DE"}]}},"_links":{"self":[{"href":"http:\/\/2cv-r4.de\/index.php?rest_route=\/wp\/v2\/pages\/37"}],"collection":[{"href":"http:\/\/2cv-r4.de\/index.php?rest_route=\/wp\/v2\/pages"}],"about":[{"href":"http:\/\/2cv-r4.de\/index.php?rest_route=\/wp\/v2\/types\/page"}],"author":[{"embeddable":true,"href":"http:\/\/2cv-r4.de\/index.php?rest_route=\/wp\/v2\/users\/1"}],"replies":[{"embeddable":true,"href":"http:\/\/2cv-r4.de\/index.php?rest_route=%2Fwp%2Fv2%2Fcomments&post=37"}],"version-history":[{"count":25,"href":"http:\/\/2cv-r4.de\/index.php?rest_route=\/wp\/v2\/pages\/37\/revisions"}],"predecessor-version":[{"id":457,"href":"http:\/\/2cv-r4.de\/index.php?rest_route=\/wp\/v2\/pages\/37\/revisions\/457"}],"wp:attachment":[{"href":"http:\/\/2cv-r4.de\/index.php?rest_route=%2Fwp%2Fv2%2Fmedia&parent=37"}],"curies":[{"name":"wp","href":"https:\/\/api.w.org\/{rel}","templated":true}]}}