{"id":26,"date":"2016-08-18T07:33:55","date_gmt":"2016-08-18T07:33:55","guid":{"rendered":"http:\/\/2cv-r4.de\/?page_id=26"},"modified":"2019-01-26T10:50:14","modified_gmt":"2019-01-26T10:50:14","slug":"vorstand-2cv","status":"publish","type":"page","link":"http:\/\/2cv-r4.de\/?page_id=26","title":{"rendered":"Vorstand 2CV"},"content":{"rendered":"<p><span style=\"font-size: large;\"><span style=\"color: #000000;\">Eigentlich war es nie geplant, da\u00df wir einen Vorstand gr\u00fcnden, aber nachdem wir auf einem Treffen gefragt wurden, wer denn unser Vorstand sei, musste einer her, was die anderen haben wollen wir auch!!<\/span><br \/>\n<\/span><\/p>\n<p><span style=\"color: #333300;\">Das erste Problem war dann auch schon da;\u00a0 &#8211; Wer will denn in den Vorstand ?? Das wurde umgehend gekl\u00e4rt. Jeder w\u00e4hlte jeden und so waren alle drin. Sp\u00e4ter kam denn auch noch ein Vorstands &#8211; K\u00f6ter dazu.<br \/>\n<\/span><\/p>\n<p><span style=\"font-size: large;\">Es kam sofort die Frage auf, was der Vorstand denn machen soll, die L\u00f6sung fand sich sofort und lautete &#8222;NIX&#8220;!!\u00a0 <strong>Dieses haben wir uns von den Vorst\u00e4nden der deutschen Wirtschaft abgeguckt.<\/strong> <\/span><\/p>\n<p><em>Nun, alle die uns kennen wissen, da\u00df unser Vorstand seine Aufgaben sehr ernst nimmt und unerm\u00fcdlich versucht, neue Ideen umzusetzen. In aller Regel bleibt es bei dem Versuch. Unsere Vorstandssitzzungen gehen meist Ergebnislos aus!\u00a0<strong> Und das haben sich die Vorst\u00e4nde der deutschen Wirtschaft von uns abgeguckt.<\/strong><br \/>\n<\/em><\/p>\n<p>Einen Aufsichtsrat werden wir nicht w\u00e4hlen.<\/p>\n","protected":false},"excerpt":{"rendered":"<p>Eigentlich war es nie geplant, da\u00df wir einen Vorstand gr\u00fcnden, aber nachdem wir auf einem Treffen gefragt wurden, wer denn unser Vorstand sei, musste einer her, was die anderen haben wollen wir auch!! Das erste Problem war dann auch schon &hellip; <a href=\"http:\/\/2cv-r4.de\/?page_id=26\">Weiterlesen <span class=\"meta-nav\">&rarr;<\/span><\/a><\/p>\n","protected":false},"author":1,"featured_media":0,"parent":0,"menu_order":0,"comment_status":"closed","ping_status":"closed","template":"","meta":{"footnotes":""},"class_list":["post-26","page","type-page","status-publish","hentry"],"yoast_head":"<!-- This site is optimized with the Yoast SEO plugin v23.4 - https:\/\/yoast.com\/wordpress\/plugins\/seo\/ -->\n<title>Vorstand 2CV - www.2CV-R4.de<\/title>\n<meta name=\"robots\" content=\"index, follow, max-snippet:-1, max-image-preview:large, max-video-preview:-1\" \/>\n<link rel=\"canonical\" href=\"http:\/\/2cv-r4.de\/?page_id=26\" \/>\n<meta property=\"og:locale\" content=\"de_DE\" \/>\n<meta property=\"og:type\" content=\"article\" \/>\n<meta property=\"og:title\" content=\"Vorstand 2CV - www.2CV-R4.de\" \/>\n<meta property=\"og:description\" content=\"Eigentlich war es nie geplant, da\u00df wir einen Vorstand gr\u00fcnden, aber nachdem wir auf einem Treffen gefragt wurden, wer denn unser Vorstand sei, musste einer her, was die anderen haben wollen wir auch!! Das erste Problem war dann auch schon &hellip; Weiterlesen &rarr;\" \/>\n<meta property=\"og:url\" content=\"http:\/\/2cv-r4.de\/?page_id=26\" \/>\n<meta property=\"og:site_name\" content=\"www.2CV-R4.de\" \/>\n<meta property=\"article:modified_time\" content=\"2019-01-26T10:50:14+00:00\" \/>\n<meta name=\"twitter:card\" content=\"summary_large_image\" \/>\n<meta name=\"twitter:label1\" content=\"Gesch\u00e4tzte Lesezeit\" \/>\n\t<meta name=\"twitter:data1\" content=\"1 Minute\" \/>\n<script type=\"application\/ld+json\" class=\"yoast-schema-graph\">{\"@context\":\"https:\/\/schema.org\",\"@graph\":[{\"@type\":\"WebPage\",\"@id\":\"http:\/\/2cv-r4.de\/?page_id=26\",\"url\":\"http:\/\/2cv-r4.de\/?page_id=26\",\"name\":\"Vorstand 2CV - www.2CV-R4.de\",\"isPartOf\":{\"@id\":\"http:\/\/2cv-r4.de\/#website\"},\"datePublished\":\"2016-08-18T07:33:55+00:00\",\"dateModified\":\"2019-01-26T10:50:14+00:00\",\"breadcrumb\":{\"@id\":\"http:\/\/2cv-r4.de\/?page_id=26#breadcrumb\"},\"inLanguage\":\"de-DE\",\"potentialAction\":[{\"@type\":\"ReadAction\",\"target\":[\"http:\/\/2cv-r4.de\/?page_id=26\"]}]},{\"@type\":\"BreadcrumbList\",\"@id\":\"http:\/\/2cv-r4.de\/?page_id=26#breadcrumb\",\"itemListElement\":[{\"@type\":\"ListItem\",\"position\":1,\"name\":\"Startseite\",\"item\":\"http:\/\/2cv-r4.de\/\"},{\"@type\":\"ListItem\",\"position\":2,\"name\":\"Vorstand 2CV\"}]},{\"@type\":\"WebSite\",\"@id\":\"http:\/\/2cv-r4.de\/#website\",\"url\":\"http:\/\/2cv-r4.de\/\",\"name\":\"www.2CV-R4.de\",\"description\":\"2CV &amp; R4 Freunde Dithmarschen\",\"potentialAction\":[{\"@type\":\"SearchAction\",\"target\":{\"@type\":\"EntryPoint\",\"urlTemplate\":\"http:\/\/2cv-r4.de\/?s={search_term_string}\"},\"query-input\":{\"@type\":\"PropertyValueSpecification\",\"valueRequired\":true,\"valueName\":\"search_term_string\"}}],\"inLanguage\":\"de-DE\"}]}<\/script>\n<!-- \/ Yoast SEO plugin. -->","yoast_head_json":{"title":"Vorstand 2CV - www.2CV-R4.de","robots":{"index":"index","follow":"follow","max-snippet":"max-snippet:-1","max-image-preview":"max-image-preview:large","max-video-preview":"max-video-preview:-1"},"canonical":"http:\/\/2cv-r4.de\/?page_id=26","og_locale":"de_DE","og_type":"article","og_title":"Vorstand 2CV - www.2CV-R4.de","og_description":"Eigentlich war es nie geplant, da\u00df wir einen Vorstand gr\u00fcnden, aber nachdem wir auf einem Treffen gefragt wurden, wer denn unser Vorstand sei, musste einer her, was die anderen haben wollen wir auch!! Das erste Problem war dann auch schon &hellip; Weiterlesen &rarr;","og_url":"http:\/\/2cv-r4.de\/?page_id=26","og_site_name":"www.2CV-R4.de","article_modified_time":"2019-01-26T10:50:14+00:00","twitter_card":"summary_large_image","twitter_misc":{"Gesch\u00e4tzte Lesezeit":"1 Minute"},"schema":{"@context":"https:\/\/schema.org","@graph":[{"@type":"WebPage","@id":"http:\/\/2cv-r4.de\/?page_id=26","url":"http:\/\/2cv-r4.de\/?page_id=26","name":"Vorstand 2CV - www.2CV-R4.de","isPartOf":{"@id":"http:\/\/2cv-r4.de\/#website"},"datePublished":"2016-08-18T07:33:55+00:00","dateModified":"2019-01-26T10:50:14+00:00","breadcrumb":{"@id":"http:\/\/2cv-r4.de\/?page_id=26#breadcrumb"},"inLanguage":"de-DE","potentialAction":[{"@type":"ReadAction","target":["http:\/\/2cv-r4.de\/?page_id=26"]}]},{"@type":"BreadcrumbList","@id":"http:\/\/2cv-r4.de\/?page_id=26#breadcrumb","itemListElement":[{"@type":"ListItem","position":1,"name":"Startseite","item":"http:\/\/2cv-r4.de\/"},{"@type":"ListItem","position":2,"name":"Vorstand 2CV"}]},{"@type":"WebSite","@id":"http:\/\/2cv-r4.de\/#website","url":"http:\/\/2cv-r4.de\/","name":"www.2CV-R4.de","description":"2CV &amp; R4 Freunde Dithmarschen","potentialAction":[{"@type":"SearchAction","target":{"@type":"EntryPoint","urlTemplate":"http:\/\/2cv-r4.de\/?s={search_term_string}"},"query-input":{"@type":"PropertyValueSpecification","valueRequired":true,"valueName":"search_term_string"}}],"inLanguage":"de-DE"}]}},"_links":{"self":[{"href":"http:\/\/2cv-r4.de\/index.php?rest_route=\/wp\/v2\/pages\/26"}],"collection":[{"href":"http:\/\/2cv-r4.de\/index.php?rest_route=\/wp\/v2\/pages"}],"about":[{"href":"http:\/\/2cv-r4.de\/index.php?rest_route=\/wp\/v2\/types\/page"}],"author":[{"embeddable":true,"href":"http:\/\/2cv-r4.de\/index.php?rest_route=\/wp\/v2\/users\/1"}],"replies":[{"embeddable":true,"href":"http:\/\/2cv-r4.de\/index.php?rest_route=%2Fwp%2Fv2%2Fcomments&post=26"}],"version-history":[{"count":18,"href":"http:\/\/2cv-r4.de\/index.php?rest_route=\/wp\/v2\/pages\/26\/revisions"}],"predecessor-version":[{"id":378,"href":"http:\/\/2cv-r4.de\/index.php?rest_route=\/wp\/v2\/pages\/26\/revisions\/378"}],"wp:attachment":[{"href":"http:\/\/2cv-r4.de\/index.php?rest_route=%2Fwp%2Fv2%2Fmedia&parent=26"}],"curies":[{"name":"wp","href":"https:\/\/api.w.org\/{rel}","templated":true}]}}