{"id":124,"date":"2016-08-23T15:16:41","date_gmt":"2016-08-23T15:16:41","guid":{"rendered":"http:\/\/2cv-r4.de\/?page_id=124"},"modified":"2019-08-28T12:59:43","modified_gmt":"2019-08-28T12:59:43","slug":"ersatzteile-2cv","status":"publish","type":"page","link":"http:\/\/2cv-r4.de\/?page_id=124","title":{"rendered":"Ersatzteile 2CV und R4"},"content":{"rendered":"<h2><span style=\"color: #008080;\">F\u00fcr den 2CV gibt es mittlerweile wohl fast alles an Ersatzteilen !!<\/span><\/h2>\n<p><span style=\"color: #000000;\">Es gibt viele 2CV Ersatzteilh\u00e4ndler, schaut euch mal um im Netz. <span style=\"color: #000080;\">F\u00fcr den<span style=\"color: #ff0000;\"> R4<\/span> ist das deutlich schwieriger !!<\/span><\/span><\/p>\n<p>Hier eine kleine Auswahl von Ersatzteilh\u00e4ndlern.<\/p>\n<p><img loading=\"lazy\" decoding=\"async\" class=\"wp-image-125 alignleft\" src=\"http:\/\/2cv-r4.de\/wp-content\/uploads\/2016\/08\/Autex-300x94.jpg\" alt=\"Autex\" width=\"185\" height=\"58\" srcset=\"http:\/\/2cv-r4.de\/wp-content\/uploads\/2016\/08\/Autex-300x94.jpg 300w, http:\/\/2cv-r4.de\/wp-content\/uploads\/2016\/08\/Autex.jpg 396w\" sizes=\"(max-width: 185px) 100vw, 185px\" \/><a href=\"http:\/\/www.autexautoteile.de\/\" target=\"_blank\" rel=\"noopener noreferrer\">http:\/\/www.autexautoteile.de\/<\/a><\/p>\n<p><img loading=\"lazy\" decoding=\"async\" class=\"wp-image-126 alignleft\" src=\"http:\/\/2cv-r4.de\/wp-content\/uploads\/2016\/08\/Burton.jpg\" alt=\"Burton\" width=\"176\" height=\"79\" \/><a href=\"https:\/\/www.burtoncar.com\/page.html?chapter=2950&amp;id=251\" target=\"_blank\" rel=\"noopener noreferrer\">http:\/\/www.burtoncar.com<\/a><\/p>\n<h2><span style=\"color: #ff0000;\">Die R4 &#8211; Fahrer haben es eventuell etwas schwerer !!<\/span><\/h2>\n<p><img loading=\"lazy\" decoding=\"async\" class=\"alignnone size-full wp-image-144\" src=\"http:\/\/2cv-r4.de\/wp-content\/uploads\/2016\/08\/Reno4er.jpg\" alt=\"Reno4er\" width=\"215\" height=\"57\" \/><a href=\"http:\/\/www.reno4er.de\" target=\"_blank\" rel=\"noopener noreferrer\">http:\/\/www.reno4er.de<\/a><\/p>\n","protected":false},"excerpt":{"rendered":"<p>F\u00fcr den 2CV gibt es mittlerweile wohl fast alles an Ersatzteilen !! Es gibt viele 2CV Ersatzteilh\u00e4ndler, schaut euch mal um im Netz. F\u00fcr den R4 ist das deutlich schwieriger !! Hier eine kleine Auswahl von Ersatzteilh\u00e4ndlern. http:\/\/www.autexautoteile.de\/ http:\/\/www.burtoncar.com Die &hellip; <a href=\"http:\/\/2cv-r4.de\/?page_id=124\">Weiterlesen <span class=\"meta-nav\">&rarr;<\/span><\/a><\/p>\n","protected":false},"author":1,"featured_media":0,"parent":0,"menu_order":0,"comment_status":"closed","ping_status":"closed","template":"","meta":{"footnotes":""},"class_list":["post-124","page","type-page","status-publish","hentry"],"yoast_head":"<!-- This site is optimized with the Yoast SEO plugin v23.4 - https:\/\/yoast.com\/wordpress\/plugins\/seo\/ -->\n<title>Ersatzteile 2CV und R4 - www.2CV-R4.de<\/title>\n<meta name=\"robots\" content=\"index, follow, max-snippet:-1, max-image-preview:large, max-video-preview:-1\" \/>\n<link rel=\"canonical\" href=\"http:\/\/2cv-r4.de\/?page_id=124\" \/>\n<meta property=\"og:locale\" content=\"de_DE\" \/>\n<meta property=\"og:type\" content=\"article\" \/>\n<meta property=\"og:title\" content=\"Ersatzteile 2CV und R4 - www.2CV-R4.de\" \/>\n<meta property=\"og:description\" content=\"F\u00fcr den 2CV gibt es mittlerweile wohl fast alles an Ersatzteilen !! Es gibt viele 2CV Ersatzteilh\u00e4ndler, schaut euch mal um im Netz. F\u00fcr den R4 ist das deutlich schwieriger !! Hier eine kleine Auswahl von Ersatzteilh\u00e4ndlern. http:\/\/www.autexautoteile.de\/ http:\/\/www.burtoncar.com Die &hellip; Weiterlesen &rarr;\" \/>\n<meta property=\"og:url\" content=\"http:\/\/2cv-r4.de\/?page_id=124\" \/>\n<meta property=\"og:site_name\" content=\"www.2CV-R4.de\" \/>\n<meta property=\"article:modified_time\" content=\"2019-08-28T12:59:43+00:00\" \/>\n<meta property=\"og:image\" content=\"http:\/\/2cv-r4.de\/wp-content\/uploads\/2016\/08\/Autex-300x94.jpg\" \/>\n<meta name=\"twitter:card\" content=\"summary_large_image\" \/>\n<script type=\"application\/ld+json\" class=\"yoast-schema-graph\">{\"@context\":\"https:\/\/schema.org\",\"@graph\":[{\"@type\":\"WebPage\",\"@id\":\"http:\/\/2cv-r4.de\/?page_id=124\",\"url\":\"http:\/\/2cv-r4.de\/?page_id=124\",\"name\":\"Ersatzteile 2CV und R4 - www.2CV-R4.de\",\"isPartOf\":{\"@id\":\"http:\/\/2cv-r4.de\/#website\"},\"primaryImageOfPage\":{\"@id\":\"http:\/\/2cv-r4.de\/?page_id=124#primaryimage\"},\"image\":{\"@id\":\"http:\/\/2cv-r4.de\/?page_id=124#primaryimage\"},\"thumbnailUrl\":\"http:\/\/2cv-r4.de\/wp-content\/uploads\/2016\/08\/Autex-300x94.jpg\",\"datePublished\":\"2016-08-23T15:16:41+00:00\",\"dateModified\":\"2019-08-28T12:59:43+00:00\",\"breadcrumb\":{\"@id\":\"http:\/\/2cv-r4.de\/?page_id=124#breadcrumb\"},\"inLanguage\":\"de-DE\",\"potentialAction\":[{\"@type\":\"ReadAction\",\"target\":[\"http:\/\/2cv-r4.de\/?page_id=124\"]}]},{\"@type\":\"ImageObject\",\"inLanguage\":\"de-DE\",\"@id\":\"http:\/\/2cv-r4.de\/?page_id=124#primaryimage\",\"url\":\"http:\/\/2cv-r4.de\/wp-content\/uploads\/2016\/08\/Autex.jpg\",\"contentUrl\":\"http:\/\/2cv-r4.de\/wp-content\/uploads\/2016\/08\/Autex.jpg\",\"width\":396,\"height\":124},{\"@type\":\"BreadcrumbList\",\"@id\":\"http:\/\/2cv-r4.de\/?page_id=124#breadcrumb\",\"itemListElement\":[{\"@type\":\"ListItem\",\"position\":1,\"name\":\"Startseite\",\"item\":\"http:\/\/2cv-r4.de\/\"},{\"@type\":\"ListItem\",\"position\":2,\"name\":\"Ersatzteile 2CV und R4\"}]},{\"@type\":\"WebSite\",\"@id\":\"http:\/\/2cv-r4.de\/#website\",\"url\":\"http:\/\/2cv-r4.de\/\",\"name\":\"www.2CV-R4.de\",\"description\":\"2CV &amp; R4 Freunde Dithmarschen\",\"potentialAction\":[{\"@type\":\"SearchAction\",\"target\":{\"@type\":\"EntryPoint\",\"urlTemplate\":\"http:\/\/2cv-r4.de\/?s={search_term_string}\"},\"query-input\":{\"@type\":\"PropertyValueSpecification\",\"valueRequired\":true,\"valueName\":\"search_term_string\"}}],\"inLanguage\":\"de-DE\"}]}<\/script>\n<!-- \/ Yoast SEO plugin. -->","yoast_head_json":{"title":"Ersatzteile 2CV und R4 - www.2CV-R4.de","robots":{"index":"index","follow":"follow","max-snippet":"max-snippet:-1","max-image-preview":"max-image-preview:large","max-video-preview":"max-video-preview:-1"},"canonical":"http:\/\/2cv-r4.de\/?page_id=124","og_locale":"de_DE","og_type":"article","og_title":"Ersatzteile 2CV und R4 - www.2CV-R4.de","og_description":"F\u00fcr den 2CV gibt es mittlerweile wohl fast alles an Ersatzteilen !! Es gibt viele 2CV Ersatzteilh\u00e4ndler, schaut euch mal um im Netz. F\u00fcr den R4 ist das deutlich schwieriger !! Hier eine kleine Auswahl von Ersatzteilh\u00e4ndlern. http:\/\/www.autexautoteile.de\/ http:\/\/www.burtoncar.com Die &hellip; Weiterlesen &rarr;","og_url":"http:\/\/2cv-r4.de\/?page_id=124","og_site_name":"www.2CV-R4.de","article_modified_time":"2019-08-28T12:59:43+00:00","og_image":[{"url":"http:\/\/2cv-r4.de\/wp-content\/uploads\/2016\/08\/Autex-300x94.jpg"}],"twitter_card":"summary_large_image","schema":{"@context":"https:\/\/schema.org","@graph":[{"@type":"WebPage","@id":"http:\/\/2cv-r4.de\/?page_id=124","url":"http:\/\/2cv-r4.de\/?page_id=124","name":"Ersatzteile 2CV und R4 - www.2CV-R4.de","isPartOf":{"@id":"http:\/\/2cv-r4.de\/#website"},"primaryImageOfPage":{"@id":"http:\/\/2cv-r4.de\/?page_id=124#primaryimage"},"image":{"@id":"http:\/\/2cv-r4.de\/?page_id=124#primaryimage"},"thumbnailUrl":"http:\/\/2cv-r4.de\/wp-content\/uploads\/2016\/08\/Autex-300x94.jpg","datePublished":"2016-08-23T15:16:41+00:00","dateModified":"2019-08-28T12:59:43+00:00","breadcrumb":{"@id":"http:\/\/2cv-r4.de\/?page_id=124#breadcrumb"},"inLanguage":"de-DE","potentialAction":[{"@type":"ReadAction","target":["http:\/\/2cv-r4.de\/?page_id=124"]}]},{"@type":"ImageObject","inLanguage":"de-DE","@id":"http:\/\/2cv-r4.de\/?page_id=124#primaryimage","url":"http:\/\/2cv-r4.de\/wp-content\/uploads\/2016\/08\/Autex.jpg","contentUrl":"http:\/\/2cv-r4.de\/wp-content\/uploads\/2016\/08\/Autex.jpg","width":396,"height":124},{"@type":"BreadcrumbList","@id":"http:\/\/2cv-r4.de\/?page_id=124#breadcrumb","itemListElement":[{"@type":"ListItem","position":1,"name":"Startseite","item":"http:\/\/2cv-r4.de\/"},{"@type":"ListItem","position":2,"name":"Ersatzteile 2CV und R4"}]},{"@type":"WebSite","@id":"http:\/\/2cv-r4.de\/#website","url":"http:\/\/2cv-r4.de\/","name":"www.2CV-R4.de","description":"2CV &amp; R4 Freunde Dithmarschen","potentialAction":[{"@type":"SearchAction","target":{"@type":"EntryPoint","urlTemplate":"http:\/\/2cv-r4.de\/?s={search_term_string}"},"query-input":{"@type":"PropertyValueSpecification","valueRequired":true,"valueName":"search_term_string"}}],"inLanguage":"de-DE"}]}},"_links":{"self":[{"href":"http:\/\/2cv-r4.de\/index.php?rest_route=\/wp\/v2\/pages\/124"}],"collection":[{"href":"http:\/\/2cv-r4.de\/index.php?rest_route=\/wp\/v2\/pages"}],"about":[{"href":"http:\/\/2cv-r4.de\/index.php?rest_route=\/wp\/v2\/types\/page"}],"author":[{"embeddable":true,"href":"http:\/\/2cv-r4.de\/index.php?rest_route=\/wp\/v2\/users\/1"}],"replies":[{"embeddable":true,"href":"http:\/\/2cv-r4.de\/index.php?rest_route=%2Fwp%2Fv2%2Fcomments&post=124"}],"version-history":[{"count":27,"href":"http:\/\/2cv-r4.de\/index.php?rest_route=\/wp\/v2\/pages\/124\/revisions"}],"predecessor-version":[{"id":417,"href":"http:\/\/2cv-r4.de\/index.php?rest_route=\/wp\/v2\/pages\/124\/revisions\/417"}],"wp:attachment":[{"href":"http:\/\/2cv-r4.de\/index.php?rest_route=%2Fwp%2Fv2%2Fmedia&parent=124"}],"curies":[{"name":"wp","href":"https:\/\/api.w.org\/{rel}","templated":true}]}}